{"id":342,"date":"2022-02-10T17:08:01","date_gmt":"2022-02-10T17:08:01","guid":{"rendered":"https:\/\/imaginemorocco.com\/es\/?page_id=342"},"modified":"2022-03-15T13:42:35","modified_gmt":"2022-03-15T13:42:35","slug":"blog-de-viajes-a-marruecos","status":"publish","type":"page","link":"https:\/\/imaginemorocco.com\/es\/blog-de-viajes-a-marruecos\/","title":{"rendered":"Blog de viajes a Marruecos"},"content":{"rendered":"\t\t<div data-elementor-type=\"wp-page\" data-elementor-id=\"342\" class=\"elementor elementor-342\">\n\t\t\t\t\t\t<section class=\"elementor-section elementor-top-section elementor-element elementor-element-2f3b6179 elementor-section-content-bottom elementor-section-boxed elementor-section-height-default elementor-section-height-default\" data-id=\"2f3b6179\" data-element_type=\"section\" data-e-type=\"section\" data-settings=\"{&quot;background_background&quot;:&quot;classic&quot;,&quot;shape_divider_bottom&quot;:&quot;triangle-asymmetrical&quot;,&quot;shape_divider_bottom_negative&quot;:&quot;yes&quot;}\">\n\t\t\t\t\t\t\t<div class=\"elementor-background-overlay\"><\/div>\n\t\t\t\t\t\t<div class=\"elementor-shape elementor-shape-bottom\" aria-hidden=\"true\" data-negative=\"true\">\n\t\t\t<svg xmlns=\"http:\/\/www.w3.org\/2000\/svg\" viewBox=\"0 0 1000 100\" preserveAspectRatio=\"none\">\n\t<path class=\"elementor-shape-fill\" d=\"M737.9,94.7L0,0v100h1000V0L737.9,94.7z\"\/>\n<\/svg>\t\t<\/div>\n\t\t\t\t\t<div class=\"elementor-container elementor-column-gap-no\">\n\t\t\t\t\t<div class=\"elementor-column elementor-col-100 elementor-top-column elementor-element elementor-element-3bb58a16\" data-id=\"3bb58a16\" data-element_type=\"column\" data-e-type=\"column\" data-settings=\"{&quot;background_background&quot;:&quot;classic&quot;}\">\n\t\t\t<div class=\"elementor-widget-wrap elementor-element-populated\">\n\t\t\t\t\t\t<div class=\"elementor-element elementor-element-86a9ebf elementor-widget elementor-widget-spacer\" data-id=\"86a9ebf\" data-element_type=\"widget\" data-e-type=\"widget\" data-widget_type=\"spacer.default\">\n\t\t\t\t<div class=\"elementor-widget-container\">\n\t\t\t\t\t\t\t<div class=\"elementor-spacer\">\n\t\t\t<div class=\"elementor-spacer-inner\"><\/div>\n\t\t<\/div>\n\t\t\t\t\t\t<\/div>\n\t\t\t\t<\/div>\n\t\t\t\t<div class=\"elementor-element elementor-element-6e21be94 elementor-widget elementor-widget-heading\" data-id=\"6e21be94\" data-element_type=\"widget\" data-e-type=\"widget\" data-widget_type=\"heading.default\">\n\t\t\t\t<div class=\"elementor-widget-container\">\n\t\t\t\t\t<h2 class=\"elementor-heading-title elementor-size-default\">Blog de viajes a Marruecos<\/h2>\t\t\t\t<\/div>\n\t\t\t\t<\/div>\n\t\t\t\t\t<\/div>\n\t\t<\/div>\n\t\t\t\t\t<\/div>\n\t\t<\/section>\n\t\t\t\t<section class=\"elementor-section elementor-top-section elementor-element elementor-element-1f61668 elementor-section-boxed elementor-section-height-default elementor-section-height-default\" data-id=\"1f61668\" data-element_type=\"section\" data-e-type=\"section\">\n\t\t\t\t\t\t<div class=\"elementor-container elementor-column-gap-default\">\n\t\t\t\t\t<div class=\"elementor-column elementor-col-100 elementor-top-column elementor-element elementor-element-4d1cd676\" data-id=\"4d1cd676\" data-element_type=\"column\" data-e-type=\"column\">\n\t\t\t<div class=\"elementor-widget-wrap elementor-element-populated\">\n\t\t\t\t\t\t<div class=\"elementor-element elementor-element-3e1acc49 elementor-widget elementor-widget-heading\" data-id=\"3e1acc49\" data-element_type=\"widget\" data-e-type=\"widget\" data-widget_type=\"heading.default\">\n\t\t\t\t<div class=\"elementor-widget-container\">\n\t\t\t\t\t<h2 class=\"elementor-heading-title elementor-size-default\">Sobre el blog de viajes de Marruecos<\/h2>\t\t\t\t<\/div>\n\t\t\t\t<\/div>\n\t\t\t\t<div class=\"elementor-element elementor-element-168952d3 elementor-widget elementor-widget-text-editor\" data-id=\"168952d3\" data-element_type=\"widget\" data-e-type=\"widget\" data-widget_type=\"text-editor.default\">\n\t\t\t\t<div class=\"elementor-widget-container\">\n\t\t\t\t\t\t\t\t\t<p>\u00bfEst\u00e1 Marruecos en su lista de deseos? \u00bfEst\u00e1 pensando en visitarlo pronto? \u00bfBusca m\u00e1s informaci\u00f3n sobre el pa\u00eds? \u00a1Seguro que este es tu camino! En este blog, te ofrecemos las principales cosas que debes saber antes de viajar a esta incre\u00edble tierra. Nuestro equipo est\u00e1 encantado de ofrecerte los mejores viajes por el pa\u00eds. El blog de viajes a Marruecos es una de las cosas m\u00e1s importantes de nuestra web, por lo que siempre buscamos cosas nuevas que a\u00f1adir.<\/p><p>Nuestro equipo est\u00e1 encantado de compartir con usted cualquier cosa que pueda ser \u00fatil en su viaje a Marruecos. Sin embargo, el blog de Imagine Morocco no es como otros blogs. Definitivamente, nos esforzamos por informarle sobre casi todo lo que nuestros queridos hu\u00e9spedes, los turistas, piden. Nos esforzamos por responder a todas sus preguntas. En nuestro blog, usted descubrir\u00e1 muchas cosas, cosas de las que puede haber o\u00eddo hablar, y otras las descubrir\u00e1 por primera vez. Nuestro objetivo final de crear este blog es s\u00f3lo para compartir e informar.<\/p>\t\t\t\t\t\t\t\t<\/div>\n\t\t\t\t<\/div>\n\t\t\t\t\t<\/div>\n\t\t<\/div>\n\t\t\t\t\t<\/div>\n\t\t<\/section>\n\t\t\t\t<section class=\"elementor-section elementor-top-section elementor-element elementor-element-6043c046 elementor-section-boxed elementor-section-height-default elementor-section-height-default\" data-id=\"6043c046\" data-element_type=\"section\" data-e-type=\"section\">\n\t\t\t\t\t\t<div class=\"elementor-container elementor-column-gap-default\">\n\t\t\t\t\t<div class=\"elementor-column elementor-col-100 elementor-top-column elementor-element elementor-element-13722f7f\" data-id=\"13722f7f\" data-element_type=\"column\" data-e-type=\"column\">\n\t\t\t<div class=\"elementor-widget-wrap elementor-element-populated\">\n\t\t\t\t\t\t<div class=\"elementor-element elementor-element-2cc7a4b5 elementor-widget elementor-widget-heading\" data-id=\"2cc7a4b5\" data-element_type=\"widget\" data-e-type=\"widget\" data-widget_type=\"heading.default\">\n\t\t\t\t<div class=\"elementor-widget-container\">\n\t\t\t\t\t<h3 class=\"elementor-heading-title elementor-size-default\">Blogs de viajes a Marruecos<\/h3>\t\t\t\t<\/div>\n\t\t\t\t<\/div>\n\t\t\t\t<div class=\"elementor-element elementor-element-489f3f01 elementor-widget elementor-widget-spacer\" data-id=\"489f3f01\" data-element_type=\"widget\" data-e-type=\"widget\" data-widget_type=\"spacer.default\">\n\t\t\t\t<div class=\"elementor-widget-container\">\n\t\t\t\t\t\t\t<div class=\"elementor-spacer\">\n\t\t\t<div class=\"elementor-spacer-inner\"><\/div>\n\t\t<\/div>\n\t\t\t\t\t\t<\/div>\n\t\t\t\t<\/div>\n\t\t\t\t<div class=\"elementor-element elementor-element-27380a2e elementor-widget elementor-widget-themo-blog\" data-id=\"27380a2e\" data-element_type=\"widget\" data-e-type=\"widget\" data-widget_type=\"themo-blog.default\">\n\t\t\t\t<div class=\"elementor-widget-container\">\n\t\t\t\t\tSorry, no results were found.\t\t\t\t<\/div>\n\t\t\t\t<\/div>\n\t\t\t\t<div class=\"elementor-element elementor-element-6b15b89f elementor-widget elementor-widget-spacer\" data-id=\"6b15b89f\" data-element_type=\"widget\" data-e-type=\"widget\" data-widget_type=\"spacer.default\">\n\t\t\t\t<div class=\"elementor-widget-container\">\n\t\t\t\t\t\t\t<div class=\"elementor-spacer\">\n\t\t\t<div class=\"elementor-spacer-inner\"><\/div>\n\t\t<\/div>\n\t\t\t\t\t\t<\/div>\n\t\t\t\t<\/div>\n\t\t\t\t\t<\/div>\n\t\t<\/div>\n\t\t\t\t\t<\/div>\n\t\t<\/section>\n\t\t\t\t<section class=\"elementor-section elementor-top-section elementor-element elementor-element-61c3940f elementor-section-boxed elementor-section-height-default elementor-section-height-default\" data-id=\"61c3940f\" data-element_type=\"section\" data-e-type=\"section\">\n\t\t\t\t\t\t<div class=\"elementor-container elementor-column-gap-default\">\n\t\t\t\t\t<div class=\"elementor-column elementor-col-100 elementor-top-column elementor-element elementor-element-5d1cd32\" data-id=\"5d1cd32\" data-element_type=\"column\" data-e-type=\"column\">\n\t\t\t<div class=\"elementor-widget-wrap elementor-element-populated\">\n\t\t\t\t\t\t<div class=\"elementor-element elementor-element-574de92b elementor-widget elementor-widget-heading\" data-id=\"574de92b\" data-element_type=\"widget\" data-e-type=\"widget\" data-widget_type=\"heading.default\">\n\t\t\t\t<div class=\"elementor-widget-container\">\n\t\t\t\t\t<h2 class=\"elementor-heading-title elementor-size-default\">Preguntas frecuentes sobre Marruecos<\/h2>\t\t\t\t<\/div>\n\t\t\t\t<\/div>\n\t\t\t\t<div class=\"elementor-element elementor-element-3ea13db0 elementor-widget elementor-widget-text-editor\" data-id=\"3ea13db0\" data-element_type=\"widget\" data-e-type=\"widget\" data-widget_type=\"text-editor.default\">\n\t\t\t\t<div class=\"elementor-widget-container\">\n\t\t\t\t\t\t\t\t\t<h3>Es seguro viajar a Marruecos?<\/h3><p>En general, Marruecos es una naci\u00f3n realmente segura para visitar. Es uno de los principales pa\u00edses africanos que enamoran a los turistas.<\/p><h3>Cu\u00e1ndo es el mejor momento para visitar Marruecos?<\/h3><p>Todas las \u00e9pocas son buenas para visitar Marruecos. S\u00f3lo tienes que conocer el clima de los lugares que vas a visitar. Por ejemplo, si quiere visitar el desierto, no es muy recomendable hacerlo en verano. Sin embargo, si lo hace, un d\u00eda ser\u00e1 suficiente, a menos que est\u00e9 acostumbrado al calor.<\/p><h3>Qu\u00e9 hay que hacer cuando se visita Marruecos?<\/h3><p>Marruecos ofrece un conjunto de actividades, desde paseos en camello, excursiones por el desierto, senderismo, surf&#8230;<\/p><h3>Cu\u00e1l es la principal comida marroqu\u00ed que debe probar?<\/h3><p>Seguro que ha o\u00eddo hablar del tagine y del cusc\u00fas, son las principales comidas marroqu\u00edes que deber\u00eda probar.<\/p><h3>C\u00f3mo es el pueblo marroqu\u00ed?<\/h3><p>El pueblo marroqu\u00ed puede dividirse en dos grupos principales: \u00e1rabes y bereberes. Este pueblo es conocido por su hospitalidad y generosidad.<\/p>\t\t\t\t\t\t\t\t<\/div>\n\t\t\t\t<\/div>\n\t\t\t\t\t<\/div>\n\t\t<\/div>\n\t\t\t\t\t<\/div>\n\t\t<\/section>\n\t\t\t\t<\/div>\n\t\t","protected":false},"excerpt":{"rendered":"<p>Blog de viajes a Marruecos Sobre el blog de viajes de Marruecos \u00bfEst\u00e1 Marruecos en su lista de deseos? \u00bfEst\u00e1 pensando en visitarlo pronto? \u00bfBusca m\u00e1s informaci\u00f3n sobre el pa\u00eds? \u00a1Seguro que este es tu camino! En este blog, te &hellip; <a href=\"https:\/\/imaginemorocco.com\/es\/blog-de-viajes-a-marruecos\/\">Read More<\/a><\/p>\n","protected":false},"author":1,"featured_media":333,"parent":0,"menu_order":0,"comment_status":"closed","ping_status":"closed","template":"","meta":{"footnotes":""},"class_list":["post-342","page","type-page","status-publish","has-post-thumbnail","hentry"],"yoast_head":"<!-- This site is optimized with the Yoast SEO plugin v27.4 - https:\/\/yoast.com\/product\/yoast-seo-wordpress\/ -->\n<title>Blog de viajes a Marruecos - Imagine Marruecos<\/title>\n<meta name=\"description\" content=\"Blog de viajes sobre Marruecos, todo lo que necesitas saber sobre Marruecos. Lea varios art\u00edculos y blogs sobre hechos interesantes.\" \/>\n<meta name=\"robots\" content=\"index, follow, max-snippet:-1, max-image-preview:large, max-video-preview:-1\" \/>\n<link rel=\"canonical\" href=\"https:\/\/imaginemorocco.com\/es\/blog-de-viajes-a-marruecos\/\" \/>\n<meta property=\"og:locale\" content=\"es_ES\" \/>\n<meta property=\"og:type\" content=\"article\" \/>\n<meta property=\"og:title\" content=\"Blog de viajes a Marruecos - Imagine Marruecos\" \/>\n<meta property=\"og:description\" content=\"Blog de viajes sobre Marruecos, todo lo que necesitas saber sobre Marruecos. Lea varios art\u00edculos y blogs sobre hechos interesantes.\" \/>\n<meta property=\"og:url\" content=\"https:\/\/imaginemorocco.com\/es\/blog-de-viajes-a-marruecos\/\" \/>\n<meta property=\"og:site_name\" content=\"Imagine Marruecos\" \/>\n<meta property=\"article:publisher\" content=\"https:\/\/web.facebook.com\/imaginemorocco\" \/>\n<meta property=\"article:modified_time\" content=\"2022-03-15T13:42:35+00:00\" \/>\n<meta property=\"og:image\" content=\"https:\/\/imaginemorocco.com\/es\/wp-content\/uploads\/2022\/02\/moto-2418984_1280.jpg\" \/>\n\t<meta property=\"og:image:width\" content=\"1280\" \/>\n\t<meta property=\"og:image:height\" content=\"853\" \/>\n\t<meta property=\"og:image:type\" content=\"image\/jpeg\" \/>\n<meta name=\"twitter:card\" content=\"summary_large_image\" \/>\n<meta name=\"twitter:site\" content=\"@imagine_morocco\" \/>\n<meta name=\"twitter:label1\" content=\"Tiempo de lectura\" \/>\n\t<meta name=\"twitter:data1\" content=\"2 minutos\" \/>\n<script type=\"application\/ld+json\" class=\"yoast-schema-graph\">{\"@context\":\"https:\\\/\\\/schema.org\",\"@graph\":[{\"@type\":\"WebPage\",\"@id\":\"https:\\\/\\\/imaginemorocco.com\\\/es\\\/blog-de-viajes-a-marruecos\\\/\",\"url\":\"https:\\\/\\\/imaginemorocco.com\\\/es\\\/blog-de-viajes-a-marruecos\\\/\",\"name\":\"Blog de viajes a Marruecos - Imagine Marruecos\",\"isPartOf\":{\"@id\":\"https:\\\/\\\/imaginemorocco.com\\\/es\\\/#website\"},\"primaryImageOfPage\":{\"@id\":\"https:\\\/\\\/imaginemorocco.com\\\/es\\\/blog-de-viajes-a-marruecos\\\/#primaryimage\"},\"image\":{\"@id\":\"https:\\\/\\\/imaginemorocco.com\\\/es\\\/blog-de-viajes-a-marruecos\\\/#primaryimage\"},\"thumbnailUrl\":\"https:\\\/\\\/imaginemorocco.com\\\/es\\\/wp-content\\\/uploads\\\/2022\\\/02\\\/moto-2418984_1280.jpg\",\"datePublished\":\"2022-02-10T17:08:01+00:00\",\"dateModified\":\"2022-03-15T13:42:35+00:00\",\"description\":\"Blog de viajes sobre Marruecos, todo lo que necesitas saber sobre Marruecos. Lea varios art\u00edculos y blogs sobre hechos interesantes.\",\"breadcrumb\":{\"@id\":\"https:\\\/\\\/imaginemorocco.com\\\/es\\\/blog-de-viajes-a-marruecos\\\/#breadcrumb\"},\"inLanguage\":\"es\",\"potentialAction\":[{\"@type\":\"ReadAction\",\"target\":[\"https:\\\/\\\/imaginemorocco.com\\\/es\\\/blog-de-viajes-a-marruecos\\\/\"]}]},{\"@type\":\"ImageObject\",\"inLanguage\":\"es\",\"@id\":\"https:\\\/\\\/imaginemorocco.com\\\/es\\\/blog-de-viajes-a-marruecos\\\/#primaryimage\",\"url\":\"https:\\\/\\\/imaginemorocco.com\\\/es\\\/wp-content\\\/uploads\\\/2022\\\/02\\\/moto-2418984_1280.jpg\",\"contentUrl\":\"https:\\\/\\\/imaginemorocco.com\\\/es\\\/wp-content\\\/uploads\\\/2022\\\/02\\\/moto-2418984_1280.jpg\",\"width\":1280,\"height\":853,\"caption\":\"Blog de viajes sobre Marruecos\"},{\"@type\":\"BreadcrumbList\",\"@id\":\"https:\\\/\\\/imaginemorocco.com\\\/es\\\/blog-de-viajes-a-marruecos\\\/#breadcrumb\",\"itemListElement\":[{\"@type\":\"ListItem\",\"position\":1,\"name\":\"Portada\",\"item\":\"https:\\\/\\\/imaginemorocco.com\\\/es\\\/\"},{\"@type\":\"ListItem\",\"position\":2,\"name\":\"Blog de viajes a Marruecos\"}]},{\"@type\":\"WebSite\",\"@id\":\"https:\\\/\\\/imaginemorocco.com\\\/es\\\/#website\",\"url\":\"https:\\\/\\\/imaginemorocco.com\\\/es\\\/\",\"name\":\"Imagine Marruecos\",\"description\":\"Viajes a Marruecos\",\"publisher\":{\"@id\":\"https:\\\/\\\/imaginemorocco.com\\\/es\\\/#organization\"},\"potentialAction\":[{\"@type\":\"SearchAction\",\"target\":{\"@type\":\"EntryPoint\",\"urlTemplate\":\"https:\\\/\\\/imaginemorocco.com\\\/es\\\/?s={search_term_string}\"},\"query-input\":{\"@type\":\"PropertyValueSpecification\",\"valueRequired\":true,\"valueName\":\"search_term_string\"}}],\"inLanguage\":\"es\"},{\"@type\":\"Organization\",\"@id\":\"https:\\\/\\\/imaginemorocco.com\\\/es\\\/#organization\",\"name\":\"Imagina Marruecos\",\"url\":\"https:\\\/\\\/imaginemorocco.com\\\/es\\\/\",\"logo\":{\"@type\":\"ImageObject\",\"inLanguage\":\"es\",\"@id\":\"https:\\\/\\\/imaginemorocco.com\\\/es\\\/#\\\/schema\\\/logo\\\/image\\\/\",\"url\":\"https:\\\/\\\/imaginemorocco.com\\\/es\\\/wp-content\\\/uploads\\\/2022\\\/02\\\/cropped-cropped-imagine-morocco-transparent.png\",\"contentUrl\":\"https:\\\/\\\/imaginemorocco.com\\\/es\\\/wp-content\\\/uploads\\\/2022\\\/02\\\/cropped-cropped-imagine-morocco-transparent.png\",\"width\":512,\"height\":512,\"caption\":\"Imagina Marruecos\"},\"image\":{\"@id\":\"https:\\\/\\\/imaginemorocco.com\\\/es\\\/#\\\/schema\\\/logo\\\/image\\\/\"},\"sameAs\":[\"https:\\\/\\\/web.facebook.com\\\/imaginemorocco\",\"https:\\\/\\\/x.com\\\/imagine_morocco\",\"https:\\\/\\\/www.instagram.com\\\/imagine_morocco\\\/\",\"https:\\\/\\\/ma.linkedin.com\\\/in\\\/travelling-in-morocco-8b98b91b7\",\"https:\\\/\\\/www.youtube.com\\\/channel\\\/UCNK6Gi3lPR66629tsVv6ESw\"]}]}<\/script>\n<!-- \/ Yoast SEO plugin. -->","yoast_head_json":{"title":"Blog de viajes a Marruecos - Imagine Marruecos","description":"Blog de viajes sobre Marruecos, todo lo que necesitas saber sobre Marruecos. Lea varios art\u00edculos y blogs sobre hechos interesantes.","robots":{"index":"index","follow":"follow","max-snippet":"max-snippet:-1","max-image-preview":"max-image-preview:large","max-video-preview":"max-video-preview:-1"},"canonical":"https:\/\/imaginemorocco.com\/es\/blog-de-viajes-a-marruecos\/","og_locale":"es_ES","og_type":"article","og_title":"Blog de viajes a Marruecos - Imagine Marruecos","og_description":"Blog de viajes sobre Marruecos, todo lo que necesitas saber sobre Marruecos. Lea varios art\u00edculos y blogs sobre hechos interesantes.","og_url":"https:\/\/imaginemorocco.com\/es\/blog-de-viajes-a-marruecos\/","og_site_name":"Imagine Marruecos","article_publisher":"https:\/\/web.facebook.com\/imaginemorocco","article_modified_time":"2022-03-15T13:42:35+00:00","og_image":[{"width":1280,"height":853,"url":"https:\/\/imaginemorocco.com\/es\/wp-content\/uploads\/2022\/02\/moto-2418984_1280.jpg","type":"image\/jpeg"}],"twitter_card":"summary_large_image","twitter_site":"@imagine_morocco","twitter_misc":{"Tiempo de lectura":"2 minutos"},"schema":{"@context":"https:\/\/schema.org","@graph":[{"@type":"WebPage","@id":"https:\/\/imaginemorocco.com\/es\/blog-de-viajes-a-marruecos\/","url":"https:\/\/imaginemorocco.com\/es\/blog-de-viajes-a-marruecos\/","name":"Blog de viajes a Marruecos - Imagine Marruecos","isPartOf":{"@id":"https:\/\/imaginemorocco.com\/es\/#website"},"primaryImageOfPage":{"@id":"https:\/\/imaginemorocco.com\/es\/blog-de-viajes-a-marruecos\/#primaryimage"},"image":{"@id":"https:\/\/imaginemorocco.com\/es\/blog-de-viajes-a-marruecos\/#primaryimage"},"thumbnailUrl":"https:\/\/imaginemorocco.com\/es\/wp-content\/uploads\/2022\/02\/moto-2418984_1280.jpg","datePublished":"2022-02-10T17:08:01+00:00","dateModified":"2022-03-15T13:42:35+00:00","description":"Blog de viajes sobre Marruecos, todo lo que necesitas saber sobre Marruecos. Lea varios art\u00edculos y blogs sobre hechos interesantes.","breadcrumb":{"@id":"https:\/\/imaginemorocco.com\/es\/blog-de-viajes-a-marruecos\/#breadcrumb"},"inLanguage":"es","potentialAction":[{"@type":"ReadAction","target":["https:\/\/imaginemorocco.com\/es\/blog-de-viajes-a-marruecos\/"]}]},{"@type":"ImageObject","inLanguage":"es","@id":"https:\/\/imaginemorocco.com\/es\/blog-de-viajes-a-marruecos\/#primaryimage","url":"https:\/\/imaginemorocco.com\/es\/wp-content\/uploads\/2022\/02\/moto-2418984_1280.jpg","contentUrl":"https:\/\/imaginemorocco.com\/es\/wp-content\/uploads\/2022\/02\/moto-2418984_1280.jpg","width":1280,"height":853,"caption":"Blog de viajes sobre Marruecos"},{"@type":"BreadcrumbList","@id":"https:\/\/imaginemorocco.com\/es\/blog-de-viajes-a-marruecos\/#breadcrumb","itemListElement":[{"@type":"ListItem","position":1,"name":"Portada","item":"https:\/\/imaginemorocco.com\/es\/"},{"@type":"ListItem","position":2,"name":"Blog de viajes a Marruecos"}]},{"@type":"WebSite","@id":"https:\/\/imaginemorocco.com\/es\/#website","url":"https:\/\/imaginemorocco.com\/es\/","name":"Imagine Marruecos","description":"Viajes a Marruecos","publisher":{"@id":"https:\/\/imaginemorocco.com\/es\/#organization"},"potentialAction":[{"@type":"SearchAction","target":{"@type":"EntryPoint","urlTemplate":"https:\/\/imaginemorocco.com\/es\/?s={search_term_string}"},"query-input":{"@type":"PropertyValueSpecification","valueRequired":true,"valueName":"search_term_string"}}],"inLanguage":"es"},{"@type":"Organization","@id":"https:\/\/imaginemorocco.com\/es\/#organization","name":"Imagina Marruecos","url":"https:\/\/imaginemorocco.com\/es\/","logo":{"@type":"ImageObject","inLanguage":"es","@id":"https:\/\/imaginemorocco.com\/es\/#\/schema\/logo\/image\/","url":"https:\/\/imaginemorocco.com\/es\/wp-content\/uploads\/2022\/02\/cropped-cropped-imagine-morocco-transparent.png","contentUrl":"https:\/\/imaginemorocco.com\/es\/wp-content\/uploads\/2022\/02\/cropped-cropped-imagine-morocco-transparent.png","width":512,"height":512,"caption":"Imagina Marruecos"},"image":{"@id":"https:\/\/imaginemorocco.com\/es\/#\/schema\/logo\/image\/"},"sameAs":["https:\/\/web.facebook.com\/imaginemorocco","https:\/\/x.com\/imagine_morocco","https:\/\/www.instagram.com\/imagine_morocco\/","https:\/\/ma.linkedin.com\/in\/travelling-in-morocco-8b98b91b7","https:\/\/www.youtube.com\/channel\/UCNK6Gi3lPR66629tsVv6ESw"]}]}},"_links":{"self":[{"href":"https:\/\/imaginemorocco.com\/es\/wp-json\/wp\/v2\/pages\/342","targetHints":{"allow":["GET"]}}],"collection":[{"href":"https:\/\/imaginemorocco.com\/es\/wp-json\/wp\/v2\/pages"}],"about":[{"href":"https:\/\/imaginemorocco.com\/es\/wp-json\/wp\/v2\/types\/page"}],"author":[{"embeddable":true,"href":"https:\/\/imaginemorocco.com\/es\/wp-json\/wp\/v2\/users\/1"}],"replies":[{"embeddable":true,"href":"https:\/\/imaginemorocco.com\/es\/wp-json\/wp\/v2\/comments?post=342"}],"version-history":[{"count":11,"href":"https:\/\/imaginemorocco.com\/es\/wp-json\/wp\/v2\/pages\/342\/revisions"}],"predecessor-version":[{"id":636,"href":"https:\/\/imaginemorocco.com\/es\/wp-json\/wp\/v2\/pages\/342\/revisions\/636"}],"wp:featuredmedia":[{"embeddable":true,"href":"https:\/\/imaginemorocco.com\/es\/wp-json\/wp\/v2\/media\/333"}],"wp:attachment":[{"href":"https:\/\/imaginemorocco.com\/es\/wp-json\/wp\/v2\/media?parent=342"}],"curies":[{"name":"wp","href":"https:\/\/api.w.org\/{rel}","templated":true}]}}