{"id":320,"date":"2022-02-10T14:25:13","date_gmt":"2022-02-10T14:25:13","guid":{"rendered":"https:\/\/imaginemorocco.com\/es\/?page_id=320"},"modified":"2022-02-16T21:25:52","modified_gmt":"2022-02-16T21:25:52","slug":"excursiones-desde-fez","status":"publish","type":"page","link":"https:\/\/imaginemorocco.com\/es\/excursiones-desde-fez\/","title":{"rendered":"Excursiones desde Fez"},"content":{"rendered":"\t\t<div data-elementor-type=\"wp-page\" data-elementor-id=\"320\" class=\"elementor elementor-320\">\n\t\t\t\t\t\t<section class=\"elementor-section elementor-top-section elementor-element elementor-element-5e0d848f elementor-section-boxed elementor-section-height-default elementor-section-height-default\" data-id=\"5e0d848f\" data-element_type=\"section\" data-e-type=\"section\" data-settings=\"{&quot;background_background&quot;:&quot;classic&quot;,&quot;shape_divider_bottom&quot;:&quot;mountains&quot;}\">\n\t\t\t\t\t\t\t<div class=\"elementor-background-overlay\"><\/div>\n\t\t\t\t\t\t<div class=\"elementor-shape elementor-shape-bottom\" aria-hidden=\"true\" data-negative=\"false\">\n\t\t\t<svg xmlns=\"http:\/\/www.w3.org\/2000\/svg\" viewBox=\"0 0 1000 100\" preserveAspectRatio=\"none\">\n\t<path class=\"elementor-shape-fill\" opacity=\"0.33\" d=\"M473,67.3c-203.9,88.3-263.1-34-320.3,0C66,119.1,0,59.7,0,59.7V0h1000v59.7 c0,0-62.1,26.1-94.9,29.3c-32.8,3.3-62.8-12.3-75.8-22.1C806,49.6,745.3,8.7,694.9,4.7S492.4,59,473,67.3z\"\/>\n\t<path class=\"elementor-shape-fill\" opacity=\"0.66\" d=\"M734,67.3c-45.5,0-77.2-23.2-129.1-39.1c-28.6-8.7-150.3-10.1-254,39.1 s-91.7-34.4-149.2,0C115.7,118.3,0,39.8,0,39.8V0h1000v36.5c0,0-28.2-18.5-92.1-18.5C810.2,18.1,775.7,67.3,734,67.3z\"\/>\n\t<path class=\"elementor-shape-fill\" d=\"M766.1,28.9c-200-57.5-266,65.5-395.1,19.5C242,1.8,242,5.4,184.8,20.6C128,35.8,132.3,44.9,89.9,52.5C28.6,63.7,0,0,0,0 h1000c0,0-9.9,40.9-83.6,48.1S829.6,47,766.1,28.9z\"\/>\n<\/svg>\t\t<\/div>\n\t\t\t\t\t<div class=\"elementor-container elementor-column-gap-default\">\n\t\t\t\t\t<div class=\"elementor-column elementor-col-100 elementor-top-column elementor-element elementor-element-3545ce96\" data-id=\"3545ce96\" data-element_type=\"column\" data-e-type=\"column\">\n\t\t\t<div class=\"elementor-widget-wrap elementor-element-populated\">\n\t\t\t\t\t\t<div class=\"elementor-element elementor-element-47b78ab5 elementor-widget elementor-widget-spacer\" data-id=\"47b78ab5\" data-element_type=\"widget\" data-e-type=\"widget\" data-widget_type=\"spacer.default\">\n\t\t\t\t<div class=\"elementor-widget-container\">\n\t\t\t\t\t\t\t<div class=\"elementor-spacer\">\n\t\t\t<div class=\"elementor-spacer-inner\"><\/div>\n\t\t<\/div>\n\t\t\t\t\t\t<\/div>\n\t\t\t\t<\/div>\n\t\t\t\t<div class=\"elementor-element elementor-element-1e8f69 elementor-widget elementor-widget-heading\" data-id=\"1e8f69\" data-element_type=\"widget\" data-e-type=\"widget\" data-widget_type=\"heading.default\">\n\t\t\t\t<div class=\"elementor-widget-container\">\n\t\t\t\t\t<h2 class=\"elementor-heading-title elementor-size-default\">Las mejores excursiones por el desierto y la ciudad desde Fez<\/h2>\t\t\t\t<\/div>\n\t\t\t\t<\/div>\n\t\t\t\t<div class=\"elementor-element elementor-element-29ebe6fe elementor-widget-divider--view-line elementor-widget elementor-widget-divider\" data-id=\"29ebe6fe\" data-element_type=\"widget\" data-e-type=\"widget\" data-widget_type=\"divider.default\">\n\t\t\t\t<div class=\"elementor-widget-container\">\n\t\t\t\t\t\t\t<div class=\"elementor-divider\">\n\t\t\t<span class=\"elementor-divider-separator\">\n\t\t\t\t\t\t<\/span>\n\t\t<\/div>\n\t\t\t\t\t\t<\/div>\n\t\t\t\t<\/div>\n\t\t\t\t\t<\/div>\n\t\t<\/div>\n\t\t\t\t\t<\/div>\n\t\t<\/section>\n\t\t\t\t<section class=\"elementor-section elementor-top-section elementor-element elementor-element-5f8334d3 elementor-section-boxed elementor-section-height-default elementor-section-height-default\" data-id=\"5f8334d3\" data-element_type=\"section\" data-e-type=\"section\" data-settings=\"{&quot;background_background&quot;:&quot;classic&quot;}\">\n\t\t\t\t\t\t<div class=\"elementor-container elementor-column-gap-wide\">\n\t\t\t\t\t<div class=\"elementor-column elementor-col-100 elementor-top-column elementor-element elementor-element-6447559a\" data-id=\"6447559a\" data-element_type=\"column\" data-e-type=\"column\">\n\t\t\t<div class=\"elementor-widget-wrap elementor-element-populated\">\n\t\t\t\t\t\t<div class=\"elementor-element elementor-element-4f039760 elementor-widget elementor-widget-heading\" data-id=\"4f039760\" data-element_type=\"widget\" data-e-type=\"widget\" data-widget_type=\"heading.default\">\n\t\t\t\t<div class=\"elementor-widget-container\">\n\t\t\t\t\t<h3 class=\"elementor-heading-title elementor-size-default\">Fez Excursiones privadas y en grupo por el desierto<\/h3>\t\t\t\t<\/div>\n\t\t\t\t<\/div>\n\t\t\t\t<div class=\"elementor-element elementor-element-53f32c5e th-btn-align-center elementor-widget elementor-widget-themo-button\" data-id=\"53f32c5e\" data-element_type=\"widget\" data-e-type=\"widget\" data-widget_type=\"themo-button.default\">\n\t\t\t\t<div class=\"elementor-widget-container\">\n\t\t\t\t\t\n                \t\t\t<a class=\"btn-1 btn th-btn btn-standard-primary\" href=\"https:\/\/imaginemorocco.com\/es\/contacto-con-nosotros\/\">\n\t\t\t\t\t\t\t\t\tPersonalice su viaje\t\t\t\t\t\t\t<\/a>\n\t\t\n        \n\t\t\t\t\t\t<\/div>\n\t\t\t\t<\/div>\n\t\t\t\t<div class=\"elementor-element elementor-element-43f97ac0 elementor-widget elementor-widget-text-editor\" data-id=\"43f97ac0\" data-element_type=\"widget\" data-e-type=\"widget\" data-widget_type=\"text-editor.default\">\n\t\t\t\t<div class=\"elementor-widget-container\">\n\t\t\t\t\t\t\t\t\t<p>Imagine Marruecos personaliza las mejores excursiones por el desierto y la ciudad desde Fez, la segunda ciudad m\u00e1s grande de Marruecos con una poblaci\u00f3n de 1.412 millones de habitantes (2017). Adem\u00e1s, se encuentra bajo el dominio idris\u00ed (<a href=\"https:\/\/es.wikipedia.org\/wiki\/Mulay_Idr%C3%ADs\">Moulay Idriss<\/a>) durante el siglo IX y fue una de las ciudades imperiales. Adem\u00e1s, esta ciudad cultural tiene un 32% de bereberes y un 53% de \u00e1rabes o bereberes arabizados. Tambi\u00e9n tiene tres partes principales, \u00abFez El Bali\u00bb que significa la antigua Fez, \u00abFez El Jdid\u00bb y que significa la nueva Fez que fue en el siglo XIII. En cuanto a su nombre, hace referencia a su fundador. En resumen, esta ciudad est\u00e1 en plena cordillera del Atlas y tiene uno de los mejores climas del pa\u00eds. Es decir, el clima no es tan seco como en la cordillera del alto Atlas.<\/p>\t\t\t\t\t\t\t\t<\/div>\n\t\t\t\t<\/div>\n\t\t\t\t<div class=\"elementor-element elementor-element-7a1d499b elementor-widget elementor-widget-spacer\" data-id=\"7a1d499b\" data-element_type=\"widget\" data-e-type=\"widget\" data-widget_type=\"spacer.default\">\n\t\t\t\t<div class=\"elementor-widget-container\">\n\t\t\t\t\t\t\t<div class=\"elementor-spacer\">\n\t\t\t<div class=\"elementor-spacer-inner\"><\/div>\n\t\t<\/div>\n\t\t\t\t\t\t<\/div>\n\t\t\t\t<\/div>\n\t\t\t\t<div class=\"elementor-element elementor-element-59ea1a93 elementor-widget elementor-widget-heading\" data-id=\"59ea1a93\" data-element_type=\"widget\" data-e-type=\"widget\" data-widget_type=\"heading.default\">\n\t\t\t\t<div class=\"elementor-widget-container\">\n\t\t\t\t\t<h2 class=\"elementor-heading-title elementor-size-default\">Excursiones desde Fez:<\/h2>\t\t\t\t<\/div>\n\t\t\t\t<\/div>\n\t\t\t\t<div class=\"elementor-element elementor-element-2d7ff7d6 elementor-widget elementor-widget-themo-tour-grid\" data-id=\"2d7ff7d6\" data-element_type=\"widget\" data-e-type=\"widget\" data-widget_type=\"themo-tour-grid.default\">\n\t\t\t\t<div class=\"elementor-widget-container\">\n\t\t\t\t\t\n                <div id=\"th-portfolio-content-69ea556393278\" class=\"th-portfolio\">\n\n            \n            <div id=\"th-portfolio-row\" class=\"th-portfolio-row row portfolio_content  four-columns th-port-gutter\">\n\n                <div class=\"alert\">Sorry, no results were found.<\/div><form role=\"search\" method=\"get\" class=\"search-form form-inline\" action=\"https:\/\/imaginemorocco.com\/es\/\">\n  <div class=\"input-group\">\n    <input type=\"search\" value=\"\" name=\"s\" class=\"search-field form-control\" placeholder=\"Search Imagine Marruecos\">\n    <label class=\"hide\">Search for:<\/label>\n    <span class=\"input-group-btn\">\n      <button type=\"submit\" class=\"search-submit btn btn-default\">Search<\/button>\n    <\/span>\n  <\/div>\n<\/form>\n            <\/div>\n\n        <\/div>\n\n        \t\t\t\t<\/div>\n\t\t\t\t<\/div>\n\t\t\t\t\t<\/div>\n\t\t<\/div>\n\t\t\t\t\t<\/div>\n\t\t<\/section>\n\t\t\t\t<section class=\"elementor-section elementor-top-section elementor-element elementor-element-351b108e elementor-section-boxed elementor-section-height-default elementor-section-height-default\" data-id=\"351b108e\" data-element_type=\"section\" data-e-type=\"section\">\n\t\t\t\t\t\t<div class=\"elementor-container elementor-column-gap-default\">\n\t\t\t\t\t<div class=\"elementor-column elementor-col-100 elementor-top-column elementor-element elementor-element-4d234f1b\" data-id=\"4d234f1b\" data-element_type=\"column\" data-e-type=\"column\">\n\t\t\t<div class=\"elementor-widget-wrap elementor-element-populated\">\n\t\t\t\t\t\t<div class=\"elementor-element elementor-element-580c7dab elementor-widget elementor-widget-text-editor\" data-id=\"580c7dab\" data-element_type=\"widget\" data-e-type=\"widget\" data-widget_type=\"text-editor.default\">\n\t\t\t\t<div class=\"elementor-widget-container\">\n\t\t\t\t\t\t\t\t\t<h2>Por qu\u00e9 es famosa Fez?<\/h2><p>Fez es realmente famosa por su ciudad antigua \u00abFez El Bali\u00bb. Es la parte m\u00e1s antigua de esta ciudad. Por ello, es patrimonio de la humanidad desde 1981. Tambi\u00e9n es famosa por una universidad llamada \u00abAlkaraouine\u00bb. Adem\u00e1s, se encuentra en la parte antigua de Fez.<\/p><h3>\u00bfD\u00f3nde puedo hacer buenas fotos en Fez?<\/h3><p>Para cualquier persona que ame la fotograf\u00eda y quiera hacerlo en Fez. A continuaci\u00f3n se indican algunos de los mejores lugares que deber\u00eda visitar.<\/p><h3>La puerta azul (Bab Boujloud) :<\/h3><p>La gente la considera la principal v\u00eda de acceso a la antigua Medina. Por esta raz\u00f3n, est\u00e1 muy concurrida y es como una batalla para fotografiar. Por eso, para conseguir las mejores fotos hay que disparar desde el exterior de la puerta. Tendr\u00e1 la oportunidad de captar todos los bellos colores \u00e1rabes de la misma con los lugare\u00f1os en la foto.<\/p><h3>Las curtidur\u00edas :<\/h3><p>Fez es muy famosa por sus curtidur\u00edas de cuero. La m\u00e1s famosa la llaman \u00abChouara\u00bb. En total hay unas tres. En este lugar, utilizan m\u00e9todos muy tradicionales. La raz\u00f3n por la que hay que fotografiar all\u00ed son los colores de la espuma.<\/p><h3>Vista del monte Zalagh :<\/h3><p>Se trata de una vista panor\u00e1mica muy hermosa en las afueras de la ciudad. Aqu\u00ed tendr\u00e1 la oportunidad de subir a la cima del monte. Adem\u00e1s, se recomienda ir all\u00ed a la hora del amanecer\/atardecer. Las coloridas casas de la ciudad reflejan el color del sol. Sin embargo, esto permite obtener im\u00e1genes muy bellas de la belleza natural de Fez.<\/p><p>\u00danase a nuestros viajes desde Fez para no perderse nada de esta hermosa ciudad.<\/p>\t\t\t\t\t\t\t\t<\/div>\n\t\t\t\t<\/div>\n\t\t\t\t<div class=\"elementor-element elementor-element-42aab578 elementor-widget elementor-widget-text-editor\" data-id=\"42aab578\" data-element_type=\"widget\" data-e-type=\"widget\" data-widget_type=\"text-editor.default\">\n\t\t\t\t<div class=\"elementor-widget-container\">\n\t\t\t\t\t\t\t\t\t<p>Note!\u00a0If you are interested in a\u00a0<a href=\"https:\/\/en.wikipedia.org\/wiki\/Morocco\">photography tour in Morocco<\/a>\u00a0join our Morocco trips from Fes above or\u00a0here. We have a full team of guides and drivers that will make you the best pictures. Also, take you to every interesting place.<\/p><p><i>If you have any questions about trips from Fes don\u2019t hesitate to\u00a0<\/i><i>contact us<\/i><i>!<\/i><\/p>\t\t\t\t\t\t\t\t<\/div>\n\t\t\t\t<\/div>\n\t\t\t\t\t<\/div>\n\t\t<\/div>\n\t\t\t\t\t<\/div>\n\t\t<\/section>\n\t\t\t\t<section class=\"elementor-section elementor-top-section elementor-element elementor-element-1dde10a7 elementor-section-boxed elementor-section-height-default elementor-section-height-default\" data-id=\"1dde10a7\" data-element_type=\"section\" data-e-type=\"section\">\n\t\t\t\t\t\t<div class=\"elementor-container elementor-column-gap-default\">\n\t\t\t\t\t<div class=\"elementor-column elementor-col-100 elementor-top-column elementor-element elementor-element-abb931a\" data-id=\"abb931a\" data-element_type=\"column\" data-e-type=\"column\">\n\t\t\t<div class=\"elementor-widget-wrap elementor-element-populated\">\n\t\t\t\t\t\t<div class=\"elementor-element elementor-element-30131633 elementor-widget elementor-widget-heading\" data-id=\"30131633\" data-element_type=\"widget\" data-e-type=\"widget\" data-widget_type=\"heading.default\">\n\t\t\t\t<div class=\"elementor-widget-container\">\n\t\t\t\t\t<h2 class=\"elementor-heading-title elementor-size-default\">Viajes a Marruecos relacionados:<\/h2>\t\t\t\t<\/div>\n\t\t\t\t<\/div>\n\t\t\t\t<div class=\"elementor-element elementor-element-72e7b862 elementor-widget elementor-widget-themo-tour-grid\" data-id=\"72e7b862\" data-element_type=\"widget\" data-e-type=\"widget\" data-widget_type=\"themo-tour-grid.default\">\n\t\t\t\t<div class=\"elementor-widget-container\">\n\t\t\t\t\t\n                <div id=\"th-portfolio-content-69ea5563955ec\" class=\"th-portfolio\">\n\n            \n                <div id=\"filters\" class=\"th-portfolio-filters\">\n                    <span>Sort:<\/span>\n                    <a href=\"#\" data-filter=\"*\" class=\"current\">All<\/a>\n                                    <\/div>\n\n            \n            <div id=\"th-portfolio-row\" class=\"th-portfolio-row row portfolio_content  three-columns th-port-gutter\">\n\n                <div class=\"alert\">Sorry, no results were found.<\/div><form role=\"search\" method=\"get\" class=\"search-form form-inline\" action=\"https:\/\/imaginemorocco.com\/es\/\">\n  <div class=\"input-group\">\n    <input type=\"search\" value=\"\" name=\"s\" class=\"search-field form-control\" placeholder=\"Search Imagine Marruecos\">\n    <label class=\"hide\">Search for:<\/label>\n    <span class=\"input-group-btn\">\n      <button type=\"submit\" class=\"search-submit btn btn-default\">Search<\/button>\n    <\/span>\n  <\/div>\n<\/form>\n            <\/div>\n\n        <\/div>\n\n        \t\t\t\t<\/div>\n\t\t\t\t<\/div>\n\t\t\t\t\t<\/div>\n\t\t<\/div>\n\t\t\t\t\t<\/div>\n\t\t<\/section>\n\t\t\t\t<\/div>\n\t\t","protected":false},"excerpt":{"rendered":"<p>Las mejores excursiones por el desierto y la ciudad desde Fez Fez Excursiones privadas y en grupo por el desierto Personalice su viaje Imagine Marruecos personaliza las mejores excursiones por el desierto y la ciudad desde Fez, la segunda ciudad &hellip; <a href=\"https:\/\/imaginemorocco.com\/es\/tour\/wine-tour\/\">Read More<\/a><\/p>\n","protected":false},"author":1,"featured_media":0,"parent":0,"menu_order":0,"comment_status":"closed","ping_status":"closed","template":"","meta":{"footnotes":""},"class_list":["post-320","page","type-page","status-publish","hentry"],"yoast_head":"<!-- This site is optimized with the Yoast SEO plugin v27.4 - https:\/\/yoast.com\/product\/yoast-seo-wordpress\/ -->\n<title>Excursiones desde Fez - Imagine Marruecos<\/title>\n<meta name=\"description\" content=\"The best excursions from Fes to the rest of Morocco. Luxury and standard options for all kinds of travelers.\" \/>\n<meta name=\"robots\" content=\"index, follow, max-snippet:-1, max-image-preview:large, max-video-preview:-1\" \/>\n<link rel=\"canonical\" href=\"https:\/\/imaginemorocco.com\/es\/excursiones-desde-fez\/\" \/>\n<meta property=\"og:locale\" content=\"es_ES\" \/>\n<meta property=\"og:type\" content=\"article\" \/>\n<meta property=\"og:title\" content=\"Excursiones desde Fez - Imagine Marruecos\" \/>\n<meta property=\"og:description\" content=\"The best excursions from Fes to the rest of Morocco. Luxury and standard options for all kinds of travelers.\" \/>\n<meta property=\"og:url\" content=\"https:\/\/imaginemorocco.com\/es\/excursiones-desde-fez\/\" \/>\n<meta property=\"og:site_name\" content=\"Imagine Marruecos\" \/>\n<meta property=\"article:publisher\" content=\"https:\/\/web.facebook.com\/imaginemorocco\" \/>\n<meta property=\"article:modified_time\" content=\"2022-02-16T21:25:52+00:00\" \/>\n<meta name=\"twitter:card\" content=\"summary_large_image\" \/>\n<meta name=\"twitter:site\" content=\"@imagine_morocco\" \/>\n<meta name=\"twitter:label1\" content=\"Tiempo de lectura\" \/>\n\t<meta name=\"twitter:data1\" content=\"3 minutos\" \/>\n<script type=\"application\/ld+json\" class=\"yoast-schema-graph\">{\"@context\":\"https:\\\/\\\/schema.org\",\"@graph\":[{\"@type\":\"WebPage\",\"@id\":\"https:\\\/\\\/imaginemorocco.com\\\/es\\\/excursiones-desde-fez\\\/\",\"url\":\"https:\\\/\\\/imaginemorocco.com\\\/es\\\/excursiones-desde-fez\\\/\",\"name\":\"Excursiones desde Fez - Imagine Marruecos\",\"isPartOf\":{\"@id\":\"https:\\\/\\\/imaginemorocco.com\\\/es\\\/#website\"},\"datePublished\":\"2022-02-10T14:25:13+00:00\",\"dateModified\":\"2022-02-16T21:25:52+00:00\",\"description\":\"The best excursions from Fes to the rest of Morocco. Luxury and standard options for all kinds of travelers.\",\"breadcrumb\":{\"@id\":\"https:\\\/\\\/imaginemorocco.com\\\/es\\\/excursiones-desde-fez\\\/#breadcrumb\"},\"inLanguage\":\"es\",\"potentialAction\":[{\"@type\":\"ReadAction\",\"target\":[\"https:\\\/\\\/imaginemorocco.com\\\/es\\\/excursiones-desde-fez\\\/\"]}]},{\"@type\":\"BreadcrumbList\",\"@id\":\"https:\\\/\\\/imaginemorocco.com\\\/es\\\/excursiones-desde-fez\\\/#breadcrumb\",\"itemListElement\":[{\"@type\":\"ListItem\",\"position\":1,\"name\":\"Portada\",\"item\":\"https:\\\/\\\/imaginemorocco.com\\\/es\\\/\"},{\"@type\":\"ListItem\",\"position\":2,\"name\":\"Excursiones desde Fez\"}]},{\"@type\":\"WebSite\",\"@id\":\"https:\\\/\\\/imaginemorocco.com\\\/es\\\/#website\",\"url\":\"https:\\\/\\\/imaginemorocco.com\\\/es\\\/\",\"name\":\"Imagine Marruecos\",\"description\":\"Viajes a Marruecos\",\"publisher\":{\"@id\":\"https:\\\/\\\/imaginemorocco.com\\\/es\\\/#organization\"},\"potentialAction\":[{\"@type\":\"SearchAction\",\"target\":{\"@type\":\"EntryPoint\",\"urlTemplate\":\"https:\\\/\\\/imaginemorocco.com\\\/es\\\/?s={search_term_string}\"},\"query-input\":{\"@type\":\"PropertyValueSpecification\",\"valueRequired\":true,\"valueName\":\"search_term_string\"}}],\"inLanguage\":\"es\"},{\"@type\":\"Organization\",\"@id\":\"https:\\\/\\\/imaginemorocco.com\\\/es\\\/#organization\",\"name\":\"Imagina Marruecos\",\"url\":\"https:\\\/\\\/imaginemorocco.com\\\/es\\\/\",\"logo\":{\"@type\":\"ImageObject\",\"inLanguage\":\"es\",\"@id\":\"https:\\\/\\\/imaginemorocco.com\\\/es\\\/#\\\/schema\\\/logo\\\/image\\\/\",\"url\":\"https:\\\/\\\/imaginemorocco.com\\\/es\\\/wp-content\\\/uploads\\\/2022\\\/02\\\/cropped-cropped-imagine-morocco-transparent.png\",\"contentUrl\":\"https:\\\/\\\/imaginemorocco.com\\\/es\\\/wp-content\\\/uploads\\\/2022\\\/02\\\/cropped-cropped-imagine-morocco-transparent.png\",\"width\":512,\"height\":512,\"caption\":\"Imagina Marruecos\"},\"image\":{\"@id\":\"https:\\\/\\\/imaginemorocco.com\\\/es\\\/#\\\/schema\\\/logo\\\/image\\\/\"},\"sameAs\":[\"https:\\\/\\\/web.facebook.com\\\/imaginemorocco\",\"https:\\\/\\\/x.com\\\/imagine_morocco\",\"https:\\\/\\\/www.instagram.com\\\/imagine_morocco\\\/\",\"https:\\\/\\\/ma.linkedin.com\\\/in\\\/travelling-in-morocco-8b98b91b7\",\"https:\\\/\\\/www.youtube.com\\\/channel\\\/UCNK6Gi3lPR66629tsVv6ESw\"]}]}<\/script>\n<!-- \/ Yoast SEO plugin. -->","yoast_head_json":{"title":"Excursiones desde Fez - Imagine Marruecos","description":"The best excursions from Fes to the rest of Morocco. Luxury and standard options for all kinds of travelers.","robots":{"index":"index","follow":"follow","max-snippet":"max-snippet:-1","max-image-preview":"max-image-preview:large","max-video-preview":"max-video-preview:-1"},"canonical":"https:\/\/imaginemorocco.com\/es\/excursiones-desde-fez\/","og_locale":"es_ES","og_type":"article","og_title":"Excursiones desde Fez - Imagine Marruecos","og_description":"The best excursions from Fes to the rest of Morocco. Luxury and standard options for all kinds of travelers.","og_url":"https:\/\/imaginemorocco.com\/es\/excursiones-desde-fez\/","og_site_name":"Imagine Marruecos","article_publisher":"https:\/\/web.facebook.com\/imaginemorocco","article_modified_time":"2022-02-16T21:25:52+00:00","twitter_card":"summary_large_image","twitter_site":"@imagine_morocco","twitter_misc":{"Tiempo de lectura":"3 minutos"},"schema":{"@context":"https:\/\/schema.org","@graph":[{"@type":"WebPage","@id":"https:\/\/imaginemorocco.com\/es\/excursiones-desde-fez\/","url":"https:\/\/imaginemorocco.com\/es\/excursiones-desde-fez\/","name":"Excursiones desde Fez - Imagine Marruecos","isPartOf":{"@id":"https:\/\/imaginemorocco.com\/es\/#website"},"datePublished":"2022-02-10T14:25:13+00:00","dateModified":"2022-02-16T21:25:52+00:00","description":"The best excursions from Fes to the rest of Morocco. Luxury and standard options for all kinds of travelers.","breadcrumb":{"@id":"https:\/\/imaginemorocco.com\/es\/excursiones-desde-fez\/#breadcrumb"},"inLanguage":"es","potentialAction":[{"@type":"ReadAction","target":["https:\/\/imaginemorocco.com\/es\/excursiones-desde-fez\/"]}]},{"@type":"BreadcrumbList","@id":"https:\/\/imaginemorocco.com\/es\/excursiones-desde-fez\/#breadcrumb","itemListElement":[{"@type":"ListItem","position":1,"name":"Portada","item":"https:\/\/imaginemorocco.com\/es\/"},{"@type":"ListItem","position":2,"name":"Excursiones desde Fez"}]},{"@type":"WebSite","@id":"https:\/\/imaginemorocco.com\/es\/#website","url":"https:\/\/imaginemorocco.com\/es\/","name":"Imagine Marruecos","description":"Viajes a Marruecos","publisher":{"@id":"https:\/\/imaginemorocco.com\/es\/#organization"},"potentialAction":[{"@type":"SearchAction","target":{"@type":"EntryPoint","urlTemplate":"https:\/\/imaginemorocco.com\/es\/?s={search_term_string}"},"query-input":{"@type":"PropertyValueSpecification","valueRequired":true,"valueName":"search_term_string"}}],"inLanguage":"es"},{"@type":"Organization","@id":"https:\/\/imaginemorocco.com\/es\/#organization","name":"Imagina Marruecos","url":"https:\/\/imaginemorocco.com\/es\/","logo":{"@type":"ImageObject","inLanguage":"es","@id":"https:\/\/imaginemorocco.com\/es\/#\/schema\/logo\/image\/","url":"https:\/\/imaginemorocco.com\/es\/wp-content\/uploads\/2022\/02\/cropped-cropped-imagine-morocco-transparent.png","contentUrl":"https:\/\/imaginemorocco.com\/es\/wp-content\/uploads\/2022\/02\/cropped-cropped-imagine-morocco-transparent.png","width":512,"height":512,"caption":"Imagina Marruecos"},"image":{"@id":"https:\/\/imaginemorocco.com\/es\/#\/schema\/logo\/image\/"},"sameAs":["https:\/\/web.facebook.com\/imaginemorocco","https:\/\/x.com\/imagine_morocco","https:\/\/www.instagram.com\/imagine_morocco\/","https:\/\/ma.linkedin.com\/in\/travelling-in-morocco-8b98b91b7","https:\/\/www.youtube.com\/channel\/UCNK6Gi3lPR66629tsVv6ESw"]}]}},"_links":{"self":[{"href":"https:\/\/imaginemorocco.com\/es\/wp-json\/wp\/v2\/pages\/320","targetHints":{"allow":["GET"]}}],"collection":[{"href":"https:\/\/imaginemorocco.com\/es\/wp-json\/wp\/v2\/pages"}],"about":[{"href":"https:\/\/imaginemorocco.com\/es\/wp-json\/wp\/v2\/types\/page"}],"author":[{"embeddable":true,"href":"https:\/\/imaginemorocco.com\/es\/wp-json\/wp\/v2\/users\/1"}],"replies":[{"embeddable":true,"href":"https:\/\/imaginemorocco.com\/es\/wp-json\/wp\/v2\/comments?post=320"}],"version-history":[{"count":13,"href":"https:\/\/imaginemorocco.com\/es\/wp-json\/wp\/v2\/pages\/320\/revisions"}],"predecessor-version":[{"id":412,"href":"https:\/\/imaginemorocco.com\/es\/wp-json\/wp\/v2\/pages\/320\/revisions\/412"}],"wp:attachment":[{"href":"https:\/\/imaginemorocco.com\/es\/wp-json\/wp\/v2\/media?parent=320"}],"curies":[{"name":"wp","href":"https:\/\/api.w.org\/{rel}","templated":true}]}}