{"id":256,"date":"2022-02-09T10:50:22","date_gmt":"2022-02-09T10:50:22","guid":{"rendered":"https:\/\/imaginemorocco.com\/es\/?page_id=256"},"modified":"2022-02-16T21:27:29","modified_gmt":"2022-02-16T21:27:29","slug":"excursiones-desde-casablanca","status":"publish","type":"page","link":"https:\/\/imaginemorocco.com\/es\/excursiones-desde-casablanca\/","title":{"rendered":"Excursiones desde Casablanca"},"content":{"rendered":"\t\t<div data-elementor-type=\"wp-page\" data-elementor-id=\"256\" class=\"elementor elementor-256\">\n\t\t\t\t\t\t<section class=\"elementor-section elementor-top-section elementor-element elementor-element-19b7ab2d elementor-section-boxed elementor-section-height-default elementor-section-height-default\" data-id=\"19b7ab2d\" data-element_type=\"section\" data-e-type=\"section\" data-settings=\"{&quot;background_background&quot;:&quot;classic&quot;,&quot;shape_divider_bottom&quot;:&quot;mountains&quot;}\">\n\t\t\t\t\t\t\t<div class=\"elementor-background-overlay\"><\/div>\n\t\t\t\t\t\t<div class=\"elementor-shape elementor-shape-bottom\" aria-hidden=\"true\" data-negative=\"false\">\n\t\t\t<svg xmlns=\"http:\/\/www.w3.org\/2000\/svg\" viewBox=\"0 0 1000 100\" preserveAspectRatio=\"none\">\n\t<path class=\"elementor-shape-fill\" opacity=\"0.33\" d=\"M473,67.3c-203.9,88.3-263.1-34-320.3,0C66,119.1,0,59.7,0,59.7V0h1000v59.7 c0,0-62.1,26.1-94.9,29.3c-32.8,3.3-62.8-12.3-75.8-22.1C806,49.6,745.3,8.7,694.9,4.7S492.4,59,473,67.3z\"\/>\n\t<path class=\"elementor-shape-fill\" opacity=\"0.66\" d=\"M734,67.3c-45.5,0-77.2-23.2-129.1-39.1c-28.6-8.7-150.3-10.1-254,39.1 s-91.7-34.4-149.2,0C115.7,118.3,0,39.8,0,39.8V0h1000v36.5c0,0-28.2-18.5-92.1-18.5C810.2,18.1,775.7,67.3,734,67.3z\"\/>\n\t<path class=\"elementor-shape-fill\" d=\"M766.1,28.9c-200-57.5-266,65.5-395.1,19.5C242,1.8,242,5.4,184.8,20.6C128,35.8,132.3,44.9,89.9,52.5C28.6,63.7,0,0,0,0 h1000c0,0-9.9,40.9-83.6,48.1S829.6,47,766.1,28.9z\"\/>\n<\/svg>\t\t<\/div>\n\t\t\t\t\t<div class=\"elementor-container elementor-column-gap-default\">\n\t\t\t\t\t<div class=\"elementor-column elementor-col-100 elementor-top-column elementor-element elementor-element-152c4ff7\" data-id=\"152c4ff7\" data-element_type=\"column\" data-e-type=\"column\">\n\t\t\t<div class=\"elementor-widget-wrap elementor-element-populated\">\n\t\t\t\t\t\t<div class=\"elementor-element elementor-element-59b488a6 elementor-widget elementor-widget-spacer\" data-id=\"59b488a6\" data-element_type=\"widget\" data-e-type=\"widget\" data-widget_type=\"spacer.default\">\n\t\t\t\t<div class=\"elementor-widget-container\">\n\t\t\t\t\t\t\t<div class=\"elementor-spacer\">\n\t\t\t<div class=\"elementor-spacer-inner\"><\/div>\n\t\t<\/div>\n\t\t\t\t\t\t<\/div>\n\t\t\t\t<\/div>\n\t\t\t\t<div class=\"elementor-element elementor-element-7fccff01 elementor-widget elementor-widget-heading\" data-id=\"7fccff01\" data-element_type=\"widget\" data-e-type=\"widget\" data-widget_type=\"heading.default\">\n\t\t\t\t<div class=\"elementor-widget-container\">\n\t\t\t\t\t<h2 class=\"elementor-heading-title elementor-size-default\">Las mejores excursiones por el desierto y la ciudad desde Casablanca<\/h2>\t\t\t\t<\/div>\n\t\t\t\t<\/div>\n\t\t\t\t<div class=\"elementor-element elementor-element-2ef1bbc5 elementor-widget-divider--view-line elementor-widget elementor-widget-divider\" data-id=\"2ef1bbc5\" data-element_type=\"widget\" data-e-type=\"widget\" data-widget_type=\"divider.default\">\n\t\t\t\t<div class=\"elementor-widget-container\">\n\t\t\t\t\t\t\t<div class=\"elementor-divider\">\n\t\t\t<span class=\"elementor-divider-separator\">\n\t\t\t\t\t\t<\/span>\n\t\t<\/div>\n\t\t\t\t\t\t<\/div>\n\t\t\t\t<\/div>\n\t\t\t\t\t<\/div>\n\t\t<\/div>\n\t\t\t\t\t<\/div>\n\t\t<\/section>\n\t\t\t\t<section class=\"elementor-section elementor-top-section elementor-element elementor-element-781ffc4a elementor-section-boxed elementor-section-height-default elementor-section-height-default\" data-id=\"781ffc4a\" data-element_type=\"section\" data-e-type=\"section\" data-settings=\"{&quot;background_background&quot;:&quot;classic&quot;}\">\n\t\t\t\t\t\t<div class=\"elementor-container elementor-column-gap-wide\">\n\t\t\t\t\t<div class=\"elementor-column elementor-col-100 elementor-top-column elementor-element elementor-element-3caa1e9a\" data-id=\"3caa1e9a\" data-element_type=\"column\" data-e-type=\"column\">\n\t\t\t<div class=\"elementor-widget-wrap elementor-element-populated\">\n\t\t\t\t\t\t<div class=\"elementor-element elementor-element-b88ad39 elementor-widget elementor-widget-heading\" data-id=\"b88ad39\" data-element_type=\"widget\" data-e-type=\"widget\" data-widget_type=\"heading.default\">\n\t\t\t\t<div class=\"elementor-widget-container\">\n\t\t\t\t\t<h3 class=\"elementor-heading-title elementor-size-default\">Casablanca Excursiones privadas y en grupo por el desierto<\/h3>\t\t\t\t<\/div>\n\t\t\t\t<\/div>\n\t\t\t\t<div class=\"elementor-element elementor-element-2fbd6b58 th-btn-align-center elementor-widget elementor-widget-themo-button\" data-id=\"2fbd6b58\" data-element_type=\"widget\" data-e-type=\"widget\" data-widget_type=\"themo-button.default\">\n\t\t\t\t<div class=\"elementor-widget-container\">\n\t\t\t\t\t\n                \t\t\t<a class=\"btn-1 btn th-btn btn-standard-primary\" href=\"https:\/\/imaginemorocco.com\/es\/contacto-con-nosotros\/\">\n\t\t\t\t\t\t\t\t\tPersonalice su viaje\t\t\t\t\t\t\t<\/a>\n\t\t\n        \n\t\t\t\t\t\t<\/div>\n\t\t\t\t<\/div>\n\t\t\t\t<div class=\"elementor-element elementor-element-62d51820 elementor-widget elementor-widget-text-editor\" data-id=\"62d51820\" data-element_type=\"widget\" data-e-type=\"widget\" data-widget_type=\"text-editor.default\">\n\t\t\t\t<div class=\"elementor-widget-container\">\n\t\t\t\t\t\t\t\t\t<p>Los viajes m\u00e1s largos en Marruecos son con nuestros tours desde Casablanca. Es\u00bb la Casa Blanca\u00bb o \u00abAnfa\u00bb en bereber, es la mayor ciudad de Marruecos con m\u00e1s de 3,35 millones de habitantes. Est\u00e1 en la parte centro-occidental de Marruecos bordeando el Oc\u00e9ano Atl\u00e1ntico. Muchos la consideran el centro econ\u00f3mico de Marruecos. Anfa fue al principio una tierra bereber antes de la llegada de los \u00e1rabes y el comienzo de la arabizaci\u00f3n. En general, fue la capital de muchas civilizaciones. Casa fue destino de muchos pa\u00edses que intentaron colonizarla, como Portugal, Espa\u00f1a y Francia. Sin embargo, la influencia de estas civilizaciones hizo de esta ciudad un lugar hermoso y abigarrado. Adem\u00e1s, alberga una arquitectura fabulosa y lugares incre\u00edbles.\u00a0Las excursiones desde Casablanca son una experiencia \u00fanica que permite descubrir la belleza de esta ciudad, adem\u00e1s de otras muchas ciudades y lugares de Marruecos.<\/p>\t\t\t\t\t\t\t\t<\/div>\n\t\t\t\t<\/div>\n\t\t\t\t<div class=\"elementor-element elementor-element-12c699a4 elementor-widget elementor-widget-spacer\" data-id=\"12c699a4\" data-element_type=\"widget\" data-e-type=\"widget\" data-widget_type=\"spacer.default\">\n\t\t\t\t<div class=\"elementor-widget-container\">\n\t\t\t\t\t\t\t<div class=\"elementor-spacer\">\n\t\t\t<div class=\"elementor-spacer-inner\"><\/div>\n\t\t<\/div>\n\t\t\t\t\t\t<\/div>\n\t\t\t\t<\/div>\n\t\t\t\t<div class=\"elementor-element elementor-element-6629c9d8 elementor-widget elementor-widget-heading\" data-id=\"6629c9d8\" data-element_type=\"widget\" data-e-type=\"widget\" data-widget_type=\"heading.default\">\n\t\t\t\t<div class=\"elementor-widget-container\">\n\t\t\t\t\t<h2 class=\"elementor-heading-title elementor-size-default\">Excursiones desde Casablanca:<\/h2>\t\t\t\t<\/div>\n\t\t\t\t<\/div>\n\t\t\t\t<div class=\"elementor-element elementor-element-1b04b1a0 elementor-widget elementor-widget-themo-tour-grid\" data-id=\"1b04b1a0\" data-element_type=\"widget\" data-e-type=\"widget\" data-widget_type=\"themo-tour-grid.default\">\n\t\t\t\t<div class=\"elementor-widget-container\">\n\t\t\t\t\t\n                <div id=\"th-portfolio-content-69ea3d6c4386f\" class=\"th-portfolio\">\n\n            \n            <div id=\"th-portfolio-row\" class=\"th-portfolio-row row portfolio_content  four-columns th-port-gutter\">\n\n                <div class=\"alert\">Sorry, no results were found.<\/div><form role=\"search\" method=\"get\" class=\"search-form form-inline\" action=\"https:\/\/imaginemorocco.com\/es\/\">\n  <div class=\"input-group\">\n    <input type=\"search\" value=\"\" name=\"s\" class=\"search-field form-control\" placeholder=\"Search Imagine Marruecos\">\n    <label class=\"hide\">Search for:<\/label>\n    <span class=\"input-group-btn\">\n      <button type=\"submit\" class=\"search-submit btn btn-default\">Search<\/button>\n    <\/span>\n  <\/div>\n<\/form>\n            <\/div>\n\n        <\/div>\n\n        \t\t\t\t<\/div>\n\t\t\t\t<\/div>\n\t\t\t\t\t<\/div>\n\t\t<\/div>\n\t\t\t\t\t<\/div>\n\t\t<\/section>\n\t\t\t\t<section class=\"elementor-section elementor-top-section elementor-element elementor-element-301b4177 elementor-section-boxed elementor-section-height-default elementor-section-height-default\" data-id=\"301b4177\" data-element_type=\"section\" data-e-type=\"section\" data-settings=\"{&quot;background_background&quot;:&quot;classic&quot;}\">\n\t\t\t\t\t\t\t<div class=\"elementor-background-overlay\"><\/div>\n\t\t\t\t\t\t\t<div class=\"elementor-container elementor-column-gap-default\">\n\t\t\t\t\t<div class=\"elementor-column elementor-col-100 elementor-top-column elementor-element elementor-element-56313f9c\" data-id=\"56313f9c\" data-element_type=\"column\" data-e-type=\"column\">\n\t\t\t<div class=\"elementor-widget-wrap elementor-element-populated\">\n\t\t\t\t\t\t<div class=\"elementor-element elementor-element-48721a81 elementor-widget elementor-widget-text-editor\" data-id=\"48721a81\" data-element_type=\"widget\" data-e-type=\"widget\" data-widget_type=\"text-editor.default\">\n\t\t\t\t<div class=\"elementor-widget-container\">\n\t\t\t\t\t\t\t\t\t<h2>Qu\u00e9 hace famosa a Casablanca?<\/h2><p>Est\u00e1 claro que esta ciudad es realmente famosa en todo el mundo. Muchos dicen que fue la primera ciudad donde desembarcaron los primeros visitantes de Marruecos. Por ello, la Casa fue y es un destino para muchos turistas de todo el mundo. Probablemente, lo que la hace m\u00e1s famosa es ser la capital econ\u00f3mica de Marruecos. Nuestros tours por Casablanca le ofrecen la posibilidad de visitar los mejores lugares de esta ciudad, adem\u00e1s de proporcionarle las principales cosas que puede hacer.<\/p><h3>\u00bfD\u00f3nde puedo hacer buenas fotos en Casablanca?<\/h3><p>&#8211; Mezquita de Hassan II:<\/p><p>B\u00e1sicamente, al hacer un tour por Casablanca, deber\u00eda pasar por este lugar; es la mayor mezquita de \u00c1frica y la d\u00e9cima del mundo. La famosa mezquita de Casablanca tiene una posici\u00f3n pintoresca y exquisita que atrae a sus visitantes.<\/p><p>&#8211; Catedral de Casablanca:<\/p><p>Marruecos es conocido por ser un pa\u00eds que acoge a todo el mundo, independientemente de su religi\u00f3n, cultura o identidad.<\/p><p>&#8211; Antigua Medina de Casablanca:<\/p><p>Todas las grandes ciudades de Marruecos tienen una medina antigua, la medina antigua de Casablanca es una de las famosas medinas que definitivamente debes visitar.<\/p><p>&#8211; La Corniche:<\/p><p>A\u00efn Diab es una de las playas m\u00e1s famosas de Casablanca. Adem\u00e1s, es un lugar ideal para los amantes del surf&#8230; All\u00ed hay varios restaurantes y clubes nocturnos que reflejan la cultura de los \u00e1rabes o bereberes arabizados.<\/p>\t\t\t\t\t\t\t\t<\/div>\n\t\t\t\t<\/div>\n\t\t\t\t<div class=\"elementor-element elementor-element-3ae0e79c elementor-widget elementor-widget-text-editor\" data-id=\"3ae0e79c\" data-element_type=\"widget\" data-e-type=\"widget\" data-widget_type=\"text-editor.default\">\n\t\t\t\t<div class=\"elementor-widget-container\">\n\t\t\t\t\t\t\t\t\t<p>Nota: Si est\u00e1 interesado en un tour de fotograf\u00eda en Marruecos \u00fanase a las excursiones desde Casablanca arriba o aqu\u00ed.\u00a0Tenemos un equipo completo de gu\u00edas y conductores que te har\u00e1n las mejores fotos. Adem\u00e1s, te llevar\u00e1n a todos los lugares interesantes.<\/p>\t\t\t\t\t\t\t\t<\/div>\n\t\t\t\t<\/div>\n\t\t\t\t\t<\/div>\n\t\t<\/div>\n\t\t\t\t\t<\/div>\n\t\t<\/section>\n\t\t\t\t<section class=\"elementor-section elementor-top-section elementor-element elementor-element-686bf56e elementor-section-boxed elementor-section-height-default elementor-section-height-default\" data-id=\"686bf56e\" data-element_type=\"section\" data-e-type=\"section\">\n\t\t\t\t\t\t<div class=\"elementor-container elementor-column-gap-default\">\n\t\t\t\t\t<div class=\"elementor-column elementor-col-100 elementor-top-column elementor-element elementor-element-615b40c3\" data-id=\"615b40c3\" data-element_type=\"column\" data-e-type=\"column\">\n\t\t\t<div class=\"elementor-widget-wrap elementor-element-populated\">\n\t\t\t\t\t\t<div class=\"elementor-element elementor-element-2cdddf68 elementor-widget elementor-widget-heading\" data-id=\"2cdddf68\" data-element_type=\"widget\" data-e-type=\"widget\" data-widget_type=\"heading.default\">\n\t\t\t\t<div class=\"elementor-widget-container\">\n\t\t\t\t\t<h2 class=\"elementor-heading-title elementor-size-default\">Viajes a Marruecos relacionados:<\/h2>\t\t\t\t<\/div>\n\t\t\t\t<\/div>\n\t\t\t\t<div class=\"elementor-element elementor-element-42717587 elementor-widget elementor-widget-themo-tour-grid\" data-id=\"42717587\" data-element_type=\"widget\" data-e-type=\"widget\" data-widget_type=\"themo-tour-grid.default\">\n\t\t\t\t<div class=\"elementor-widget-container\">\n\t\t\t\t\t\n                <div id=\"th-portfolio-content-69ea3d6c47057\" class=\"th-portfolio\">\n\n            \n                <div id=\"filters\" class=\"th-portfolio-filters\">\n                    <span>Sort:<\/span>\n                    <a href=\"#\" data-filter=\"*\" class=\"current\">All<\/a>\n                                    <\/div>\n\n            \n            <div id=\"th-portfolio-row\" class=\"th-portfolio-row row portfolio_content  three-columns th-port-gutter\">\n\n                <div class=\"alert\">Sorry, no results were found.<\/div><form role=\"search\" method=\"get\" class=\"search-form form-inline\" action=\"https:\/\/imaginemorocco.com\/es\/\">\n  <div class=\"input-group\">\n    <input type=\"search\" value=\"\" name=\"s\" class=\"search-field form-control\" placeholder=\"Search Imagine Marruecos\">\n    <label class=\"hide\">Search for:<\/label>\n    <span class=\"input-group-btn\">\n      <button type=\"submit\" class=\"search-submit btn btn-default\">Search<\/button>\n    <\/span>\n  <\/div>\n<\/form>\n            <\/div>\n\n        <\/div>\n\n        \t\t\t\t<\/div>\n\t\t\t\t<\/div>\n\t\t\t\t\t<\/div>\n\t\t<\/div>\n\t\t\t\t\t<\/div>\n\t\t<\/section>\n\t\t\t\t<\/div>\n\t\t","protected":false},"excerpt":{"rendered":"<p>Las mejores excursiones por el desierto y la ciudad desde Casablanca Casablanca Excursiones privadas y en grupo por el desierto Personalice su viaje Los viajes m\u00e1s largos en Marruecos son con nuestros tours desde Casablanca. Es\u00bb la Casa Blanca\u00bb o &hellip; <a href=\"https:\/\/imaginemorocco.com\/es\/tour\/wine-tour\/\">Read More<\/a><\/p>\n","protected":false},"author":1,"featured_media":249,"parent":0,"menu_order":0,"comment_status":"closed","ping_status":"closed","template":"","meta":{"footnotes":""},"class_list":["post-256","page","type-page","status-publish","has-post-thumbnail","hentry"],"yoast_head":"<!-- This site is optimized with the Yoast SEO plugin v27.4 - https:\/\/yoast.com\/product\/yoast-seo-wordpress\/ -->\n<title>Excursiones desde Casablanca - Imagine Marruecos<\/title>\n<meta name=\"description\" content=\"Las mejores excursiones desde Casablanca al resto de Marruecos, reserve o personalice su viaje con nosotros.\" \/>\n<meta name=\"robots\" content=\"index, follow, max-snippet:-1, max-image-preview:large, max-video-preview:-1\" \/>\n<link rel=\"canonical\" href=\"https:\/\/imaginemorocco.com\/es\/excursiones-desde-casablanca\/\" \/>\n<meta property=\"og:locale\" content=\"es_ES\" \/>\n<meta property=\"og:type\" content=\"article\" \/>\n<meta property=\"og:title\" content=\"Excursiones desde Casablanca - Imagine Marruecos\" \/>\n<meta property=\"og:description\" content=\"Las mejores excursiones desde Casablanca al resto de Marruecos, reserve o personalice su viaje con nosotros.\" \/>\n<meta property=\"og:url\" content=\"https:\/\/imaginemorocco.com\/es\/excursiones-desde-casablanca\/\" \/>\n<meta property=\"og:site_name\" content=\"Imagine Marruecos\" \/>\n<meta property=\"article:publisher\" content=\"https:\/\/web.facebook.com\/imaginemorocco\" \/>\n<meta property=\"article:modified_time\" content=\"2022-02-16T21:27:29+00:00\" \/>\n<meta property=\"og:image\" content=\"https:\/\/imaginemorocco.com\/es\/wp-content\/uploads\/2022\/02\/132614094_880211939463691_4698873405771657826_n.jpg\" \/>\n\t<meta property=\"og:image:width\" content=\"1080\" \/>\n\t<meta property=\"og:image:height\" content=\"1080\" \/>\n\t<meta property=\"og:image:type\" content=\"image\/jpeg\" \/>\n<meta name=\"twitter:card\" content=\"summary_large_image\" \/>\n<meta name=\"twitter:site\" content=\"@imagine_morocco\" \/>\n<meta name=\"twitter:label1\" content=\"Tiempo de lectura\" \/>\n\t<meta name=\"twitter:data1\" content=\"3 minutos\" \/>\n<script type=\"application\/ld+json\" class=\"yoast-schema-graph\">{\"@context\":\"https:\\\/\\\/schema.org\",\"@graph\":[{\"@type\":\"WebPage\",\"@id\":\"https:\\\/\\\/imaginemorocco.com\\\/es\\\/excursiones-desde-casablanca\\\/\",\"url\":\"https:\\\/\\\/imaginemorocco.com\\\/es\\\/excursiones-desde-casablanca\\\/\",\"name\":\"Excursiones desde Casablanca - Imagine Marruecos\",\"isPartOf\":{\"@id\":\"https:\\\/\\\/imaginemorocco.com\\\/es\\\/#website\"},\"primaryImageOfPage\":{\"@id\":\"https:\\\/\\\/imaginemorocco.com\\\/es\\\/excursiones-desde-casablanca\\\/#primaryimage\"},\"image\":{\"@id\":\"https:\\\/\\\/imaginemorocco.com\\\/es\\\/excursiones-desde-casablanca\\\/#primaryimage\"},\"thumbnailUrl\":\"https:\\\/\\\/imaginemorocco.com\\\/es\\\/wp-content\\\/uploads\\\/2022\\\/02\\\/132614094_880211939463691_4698873405771657826_n.jpg\",\"datePublished\":\"2022-02-09T10:50:22+00:00\",\"dateModified\":\"2022-02-16T21:27:29+00:00\",\"description\":\"Las mejores excursiones desde Casablanca al resto de Marruecos, reserve o personalice su viaje con nosotros.\",\"breadcrumb\":{\"@id\":\"https:\\\/\\\/imaginemorocco.com\\\/es\\\/excursiones-desde-casablanca\\\/#breadcrumb\"},\"inLanguage\":\"es\",\"potentialAction\":[{\"@type\":\"ReadAction\",\"target\":[\"https:\\\/\\\/imaginemorocco.com\\\/es\\\/excursiones-desde-casablanca\\\/\"]}]},{\"@type\":\"ImageObject\",\"inLanguage\":\"es\",\"@id\":\"https:\\\/\\\/imaginemorocco.com\\\/es\\\/excursiones-desde-casablanca\\\/#primaryimage\",\"url\":\"https:\\\/\\\/imaginemorocco.com\\\/es\\\/wp-content\\\/uploads\\\/2022\\\/02\\\/132614094_880211939463691_4698873405771657826_n.jpg\",\"contentUrl\":\"https:\\\/\\\/imaginemorocco.com\\\/es\\\/wp-content\\\/uploads\\\/2022\\\/02\\\/132614094_880211939463691_4698873405771657826_n.jpg\",\"width\":1080,\"height\":1080,\"caption\":\"Las mejores excursiones desde Casablanca\"},{\"@type\":\"BreadcrumbList\",\"@id\":\"https:\\\/\\\/imaginemorocco.com\\\/es\\\/excursiones-desde-casablanca\\\/#breadcrumb\",\"itemListElement\":[{\"@type\":\"ListItem\",\"position\":1,\"name\":\"Portada\",\"item\":\"https:\\\/\\\/imaginemorocco.com\\\/es\\\/\"},{\"@type\":\"ListItem\",\"position\":2,\"name\":\"Excursiones desde Casablanca\"}]},{\"@type\":\"WebSite\",\"@id\":\"https:\\\/\\\/imaginemorocco.com\\\/es\\\/#website\",\"url\":\"https:\\\/\\\/imaginemorocco.com\\\/es\\\/\",\"name\":\"Imagine Marruecos\",\"description\":\"Viajes a Marruecos\",\"publisher\":{\"@id\":\"https:\\\/\\\/imaginemorocco.com\\\/es\\\/#organization\"},\"potentialAction\":[{\"@type\":\"SearchAction\",\"target\":{\"@type\":\"EntryPoint\",\"urlTemplate\":\"https:\\\/\\\/imaginemorocco.com\\\/es\\\/?s={search_term_string}\"},\"query-input\":{\"@type\":\"PropertyValueSpecification\",\"valueRequired\":true,\"valueName\":\"search_term_string\"}}],\"inLanguage\":\"es\"},{\"@type\":\"Organization\",\"@id\":\"https:\\\/\\\/imaginemorocco.com\\\/es\\\/#organization\",\"name\":\"Imagina Marruecos\",\"url\":\"https:\\\/\\\/imaginemorocco.com\\\/es\\\/\",\"logo\":{\"@type\":\"ImageObject\",\"inLanguage\":\"es\",\"@id\":\"https:\\\/\\\/imaginemorocco.com\\\/es\\\/#\\\/schema\\\/logo\\\/image\\\/\",\"url\":\"https:\\\/\\\/imaginemorocco.com\\\/es\\\/wp-content\\\/uploads\\\/2022\\\/02\\\/cropped-cropped-imagine-morocco-transparent.png\",\"contentUrl\":\"https:\\\/\\\/imaginemorocco.com\\\/es\\\/wp-content\\\/uploads\\\/2022\\\/02\\\/cropped-cropped-imagine-morocco-transparent.png\",\"width\":512,\"height\":512,\"caption\":\"Imagina Marruecos\"},\"image\":{\"@id\":\"https:\\\/\\\/imaginemorocco.com\\\/es\\\/#\\\/schema\\\/logo\\\/image\\\/\"},\"sameAs\":[\"https:\\\/\\\/web.facebook.com\\\/imaginemorocco\",\"https:\\\/\\\/x.com\\\/imagine_morocco\",\"https:\\\/\\\/www.instagram.com\\\/imagine_morocco\\\/\",\"https:\\\/\\\/ma.linkedin.com\\\/in\\\/travelling-in-morocco-8b98b91b7\",\"https:\\\/\\\/www.youtube.com\\\/channel\\\/UCNK6Gi3lPR66629tsVv6ESw\"]}]}<\/script>\n<!-- \/ Yoast SEO plugin. -->","yoast_head_json":{"title":"Excursiones desde Casablanca - Imagine Marruecos","description":"Las mejores excursiones desde Casablanca al resto de Marruecos, reserve o personalice su viaje con nosotros.","robots":{"index":"index","follow":"follow","max-snippet":"max-snippet:-1","max-image-preview":"max-image-preview:large","max-video-preview":"max-video-preview:-1"},"canonical":"https:\/\/imaginemorocco.com\/es\/excursiones-desde-casablanca\/","og_locale":"es_ES","og_type":"article","og_title":"Excursiones desde Casablanca - Imagine Marruecos","og_description":"Las mejores excursiones desde Casablanca al resto de Marruecos, reserve o personalice su viaje con nosotros.","og_url":"https:\/\/imaginemorocco.com\/es\/excursiones-desde-casablanca\/","og_site_name":"Imagine Marruecos","article_publisher":"https:\/\/web.facebook.com\/imaginemorocco","article_modified_time":"2022-02-16T21:27:29+00:00","og_image":[{"width":1080,"height":1080,"url":"https:\/\/imaginemorocco.com\/es\/wp-content\/uploads\/2022\/02\/132614094_880211939463691_4698873405771657826_n.jpg","type":"image\/jpeg"}],"twitter_card":"summary_large_image","twitter_site":"@imagine_morocco","twitter_misc":{"Tiempo de lectura":"3 minutos"},"schema":{"@context":"https:\/\/schema.org","@graph":[{"@type":"WebPage","@id":"https:\/\/imaginemorocco.com\/es\/excursiones-desde-casablanca\/","url":"https:\/\/imaginemorocco.com\/es\/excursiones-desde-casablanca\/","name":"Excursiones desde Casablanca - Imagine Marruecos","isPartOf":{"@id":"https:\/\/imaginemorocco.com\/es\/#website"},"primaryImageOfPage":{"@id":"https:\/\/imaginemorocco.com\/es\/excursiones-desde-casablanca\/#primaryimage"},"image":{"@id":"https:\/\/imaginemorocco.com\/es\/excursiones-desde-casablanca\/#primaryimage"},"thumbnailUrl":"https:\/\/imaginemorocco.com\/es\/wp-content\/uploads\/2022\/02\/132614094_880211939463691_4698873405771657826_n.jpg","datePublished":"2022-02-09T10:50:22+00:00","dateModified":"2022-02-16T21:27:29+00:00","description":"Las mejores excursiones desde Casablanca al resto de Marruecos, reserve o personalice su viaje con nosotros.","breadcrumb":{"@id":"https:\/\/imaginemorocco.com\/es\/excursiones-desde-casablanca\/#breadcrumb"},"inLanguage":"es","potentialAction":[{"@type":"ReadAction","target":["https:\/\/imaginemorocco.com\/es\/excursiones-desde-casablanca\/"]}]},{"@type":"ImageObject","inLanguage":"es","@id":"https:\/\/imaginemorocco.com\/es\/excursiones-desde-casablanca\/#primaryimage","url":"https:\/\/imaginemorocco.com\/es\/wp-content\/uploads\/2022\/02\/132614094_880211939463691_4698873405771657826_n.jpg","contentUrl":"https:\/\/imaginemorocco.com\/es\/wp-content\/uploads\/2022\/02\/132614094_880211939463691_4698873405771657826_n.jpg","width":1080,"height":1080,"caption":"Las mejores excursiones desde Casablanca"},{"@type":"BreadcrumbList","@id":"https:\/\/imaginemorocco.com\/es\/excursiones-desde-casablanca\/#breadcrumb","itemListElement":[{"@type":"ListItem","position":1,"name":"Portada","item":"https:\/\/imaginemorocco.com\/es\/"},{"@type":"ListItem","position":2,"name":"Excursiones desde Casablanca"}]},{"@type":"WebSite","@id":"https:\/\/imaginemorocco.com\/es\/#website","url":"https:\/\/imaginemorocco.com\/es\/","name":"Imagine Marruecos","description":"Viajes a Marruecos","publisher":{"@id":"https:\/\/imaginemorocco.com\/es\/#organization"},"potentialAction":[{"@type":"SearchAction","target":{"@type":"EntryPoint","urlTemplate":"https:\/\/imaginemorocco.com\/es\/?s={search_term_string}"},"query-input":{"@type":"PropertyValueSpecification","valueRequired":true,"valueName":"search_term_string"}}],"inLanguage":"es"},{"@type":"Organization","@id":"https:\/\/imaginemorocco.com\/es\/#organization","name":"Imagina Marruecos","url":"https:\/\/imaginemorocco.com\/es\/","logo":{"@type":"ImageObject","inLanguage":"es","@id":"https:\/\/imaginemorocco.com\/es\/#\/schema\/logo\/image\/","url":"https:\/\/imaginemorocco.com\/es\/wp-content\/uploads\/2022\/02\/cropped-cropped-imagine-morocco-transparent.png","contentUrl":"https:\/\/imaginemorocco.com\/es\/wp-content\/uploads\/2022\/02\/cropped-cropped-imagine-morocco-transparent.png","width":512,"height":512,"caption":"Imagina Marruecos"},"image":{"@id":"https:\/\/imaginemorocco.com\/es\/#\/schema\/logo\/image\/"},"sameAs":["https:\/\/web.facebook.com\/imaginemorocco","https:\/\/x.com\/imagine_morocco","https:\/\/www.instagram.com\/imagine_morocco\/","https:\/\/ma.linkedin.com\/in\/travelling-in-morocco-8b98b91b7","https:\/\/www.youtube.com\/channel\/UCNK6Gi3lPR66629tsVv6ESw"]}]}},"_links":{"self":[{"href":"https:\/\/imaginemorocco.com\/es\/wp-json\/wp\/v2\/pages\/256","targetHints":{"allow":["GET"]}}],"collection":[{"href":"https:\/\/imaginemorocco.com\/es\/wp-json\/wp\/v2\/pages"}],"about":[{"href":"https:\/\/imaginemorocco.com\/es\/wp-json\/wp\/v2\/types\/page"}],"author":[{"embeddable":true,"href":"https:\/\/imaginemorocco.com\/es\/wp-json\/wp\/v2\/users\/1"}],"replies":[{"embeddable":true,"href":"https:\/\/imaginemorocco.com\/es\/wp-json\/wp\/v2\/comments?post=256"}],"version-history":[{"count":8,"href":"https:\/\/imaginemorocco.com\/es\/wp-json\/wp\/v2\/pages\/256\/revisions"}],"predecessor-version":[{"id":416,"href":"https:\/\/imaginemorocco.com\/es\/wp-json\/wp\/v2\/pages\/256\/revisions\/416"}],"wp:featuredmedia":[{"embeddable":true,"href":"https:\/\/imaginemorocco.com\/es\/wp-json\/wp\/v2\/media\/249"}],"wp:attachment":[{"href":"https:\/\/imaginemorocco.com\/es\/wp-json\/wp\/v2\/media?parent=256"}],"curies":[{"name":"wp","href":"https:\/\/api.w.org\/{rel}","templated":true}]}}